{"id":32,"date":"2022-09-27T18:09:44","date_gmt":"2022-09-27T21:09:44","guid":{"rendered":"https:\/\/wdlcomercial.ind.br\/?page_id=32"},"modified":"2022-09-28T10:08:30","modified_gmt":"2022-09-28T13:08:30","slug":"inicio","status":"publish","type":"page","link":"https:\/\/wdlcomercial.ind.br\/","title":{"rendered":"In\u00edcio"},"content":{"rendered":"\n\n\t<h3>TUDO<\/h3>\n<h2>\n\t\tPARA O SEU NEG\u00d3CIO\n\t<\/h2>\n\t\t\t<a href=\"#contato\" target=\"_self\" role=\"button\" rel=\"noopener\">\n\t\t\t\t\t\t\tENTRE EM CONTATO\n\t\t\t\t\t<\/a>\n<h2>\n\t\tA WDL FABRICA E COMERCIALIZA V\u00c1LVULAS E CONEX\u00d5ES INDUSTRIAIS\n\t<\/h2>\n\t<p>Nosso foco s\u00e3o os nossos clientes. Nossa ind\u00fastria \u00e9 equipada e preparada para atender todas as demandas necess\u00e1rias. Al\u00e9m do nosso quadro de colaboradores, todos treinados e qualificados para garantir <strong>QUALIDADE<\/strong>\u00a0 e <strong>CONFIABILIDADE<\/strong>.<\/p>\n<h2>\n\t\tVASTA LINHA DE PRODUTOS\n\t<\/h2>\n\t<p>Fornecemos uma vasta variedade de produtos. V\u00e1lvulas, Flanges, Conex\u00f5es Tubulares e Conex\u00f5es de Alta Press\u00e3o.<\/p>\n<h2>\n\t\tFABRICA\u00c7\u00c3O PR\u00d3PRIA\n\t<\/h2>\n\t<p>Voc\u00ea possui um projeto especial? Como ind\u00fastria, n\u00f3s fabricamos desde conex\u00f5es at\u00e9 pe\u00e7as especiais atrav\u00e9s de desenhos.<\/p>\n<h2>\n\t\tCONFIABILIDADE\n\t<\/h2>\n\t<p>O sucesso da nossa empresa est\u00e1 nos crit\u00e9rios de fornecimento e na parceria com nossos clientes e fornecedores.<\/p>\n<h2>\n\t\tLINHA DE PRODUTOS\n\t<\/h2>\n\t<h3>N\u00f3s da WDL fornecemos uma vasta linha de V\u00e1lvulas Industriais, Conex\u00f5es Forjadas e Tubulares, Flanges e Acess\u00f3rios Industriais.<\/h3>\n\t\t<h3>PRONTO PARA SABER MAIS?<\/h3>\n\t\t<p>Confira nosso cat\u00e1logo completo clicando no bot\u00e3o abaixo \u2193<\/p>\n\t\t\t<a href=\"https:\/\/wdlcomercial.ind.br\/\" target=\"_blank\" role=\"button\" rel=\"noopener\">\n\t\t\t\t\t\t\tCONFIRA NOSSO CAT\u00c1LOGO\n\t\t\t<\/a>\n<h2>\n\t\tPOL\u00cdTICA DE QUALIDADE\n\t<\/h2>\n<h2>\n\t\tPROCURANDO V\u00c1LVULAS, CONEX\u00d5ES, FLANGES E ACESS\u00d3RIOS INDUSTRIAIS?\n\t<\/h2>\n<h2>\n\t\tENTRE EM CONTATO\n\t<\/h2>\n\t<p>OU<\/p>\n<h2>\n\t\tFALE CONOSCO\n\t<\/h2>\n\t<p><a href=\"mailto:vendas@worldval.com.br\">vendas@wdlcomercial.com.br<\/a><\/p>\n<p><a href=\"tel:1129664444\">+55 11 4171-5747<\/a><\/p>\n<h2>\n\t\tSIGA NOSSAS REDES\n\t<\/h2>\n\n","protected":false},"excerpt":{"rendered":"<p>TUDO PARA O SEU NEG\u00d3CIO ENTRE EM CONTATO A WDL FABRICA E COMERCIALIZA V\u00c1LVULAS E CONEX\u00d5ES INDUSTRIAIS Nosso foco s\u00e3o os nossos clientes. Nossa ind\u00fastria \u00e9 equipada e preparada para atender todas as demandas necess\u00e1rias. Al\u00e9m do nosso quadro de colaboradores, todos treinados e qualificados para garantir QUALIDADE\u00a0 e CONFIABILIDADE. VASTA LINHA DE PRODUTOS Fornecemos&hellip;<\/p>\n","protected":false},"author":1,"featured_media":0,"parent":0,"menu_order":0,"comment_status":"closed","ping_status":"closed","template":"","meta":{"footnotes":""},"class_list":["post-32","page","type-page","status-publish","hentry"],"_links":{"self":[{"href":"https:\/\/wdlcomercial.ind.br\/index.php?rest_route=\/wp\/v2\/pages\/32","targetHints":{"allow":["GET"]}}],"collection":[{"href":"https:\/\/wdlcomercial.ind.br\/index.php?rest_route=\/wp\/v2\/pages"}],"about":[{"href":"https:\/\/wdlcomercial.ind.br\/index.php?rest_route=\/wp\/v2\/types\/page"}],"author":[{"embeddable":true,"href":"https:\/\/wdlcomercial.ind.br\/index.php?rest_route=\/wp\/v2\/users\/1"}],"replies":[{"embeddable":true,"href":"https:\/\/wdlcomercial.ind.br\/index.php?rest_route=%2Fwp%2Fv2%2Fcomments&post=32"}],"version-history":[{"count":13,"href":"https:\/\/wdlcomercial.ind.br\/index.php?rest_route=\/wp\/v2\/pages\/32\/revisions"}],"predecessor-version":[{"id":54,"href":"https:\/\/wdlcomercial.ind.br\/index.php?rest_route=\/wp\/v2\/pages\/32\/revisions\/54"}],"wp:attachment":[{"href":"https:\/\/wdlcomercial.ind.br\/index.php?rest_route=%2Fwp%2Fv2%2Fmedia&parent=32"}],"curies":[{"name":"wp","href":"https:\/\/api.w.org\/{rel}","templated":true}]}}